{"id":316,"date":"2024-04-21T20:46:17","date_gmt":"2024-04-21T20:46:17","guid":{"rendered":"https:\/\/akt7.dk\/?page_id=316"},"modified":"2025-03-17T19:47:16","modified_gmt":"2025-03-17T19:47:16","slug":"projekter","status":"publish","type":"page","link":"https:\/\/akt7.dk\/?page_id=316","title":{"rendered":"projekter"},"content":{"rendered":"\n<div class=\"wp-block-group alignwide has-small-font-size is-horizontal is-content-justification-space-between is-nowrap is-layout-flex wp-container-core-group-is-layout-4ffacbb8 wp-block-group-is-layout-flex\" style=\"min-height:0px;margin-top:0;margin-bottom:0;padding-bottom:0\">\n<div class=\"wp-block-group alignfull is-vertical is-content-justification-right is-nowrap is-layout-flex wp-container-core-group-is-layout-424bcc9f wp-block-group-is-layout-flex\" style=\"border-style:none;border-width:0px;margin-top:0;margin-bottom:0;padding-top:var(--wp--preset--spacing--30);padding-right:0;padding-bottom:var(--wp--preset--spacing--30);padding-left:0\">\n<div class=\"wp-block-group alignwide is-content-justification-space-between is-layout-flex wp-container-core-group-is-layout-b585a4aa wp-block-group-is-layout-flex\">\n<div class=\"wp-block-group is-layout-flow wp-container-core-group-is-layout-634f0b9d wp-block-group-is-layout-flow\"><div class=\"is-style-default wp-block-site-logo wp-duotone-000ad9-ffa96b00-1\"><a href=\"https:\/\/akt7.dk\/\" class=\"custom-logo-link\" rel=\"home\"><img loading=\"lazy\" decoding=\"async\" width=\"180\" height=\"127\" src=\"https:\/\/akt7.dk\/wp-content\/uploads\/2023\/11\/logosort-edited-7.png\" class=\"custom-logo\" alt=\"Akt\" srcset=\"https:\/\/akt7.dk\/wp-content\/uploads\/2023\/11\/logosort-edited-7.png 790w, https:\/\/akt7.dk\/wp-content\/uploads\/2023\/11\/logosort-edited-7-300x212.png 300w, https:\/\/akt7.dk\/wp-content\/uploads\/2023\/11\/logosort-edited-7-768x542.png 768w\" sizes=\"auto, (max-width: 180px) 100vw, 180px\" \/><\/a><\/div><\/div>\n<\/div>\n<\/div>\n\n\n<nav class=\"is-responsive items-justified-center is-vertical wp-block-navigation is-content-justification-center is-layout-flex wp-container-core-navigation-is-layout-5e3ef63f wp-block-navigation-is-layout-flex\" aria-label=\"Menu\" \n\t\t data-wp-interactive=\"core\/navigation\" data-wp-context='{\"overlayOpenedBy\":{\"click\":false,\"hover\":false,\"focus\":false},\"type\":\"overlay\",\"roleAttribute\":\"\",\"ariaLabel\":\"Menu\"}'><button aria-haspopup=\"dialog\" aria-label=\"\u00c5bn menu\" class=\"wp-block-navigation__responsive-container-open always-shown\" \n\t\t\t\tdata-wp-on--click=\"actions.openMenuOnClick\"\n\t\t\t\tdata-wp-on--keydown=\"actions.handleMenuKeydown\"\n\t\t\t><svg width=\"24\" height=\"24\" xmlns=\"http:\/\/www.w3.org\/2000\/svg\" viewBox=\"0 0 24 24\" aria-hidden=\"true\" focusable=\"false\"><path d=\"M4 7.5h16v1.5H4z\"><\/path><path d=\"M4 15h16v1.5H4z\"><\/path><\/svg><\/button>\n\t\t\t\t<div class=\"wp-block-navigation__responsive-container hidden-by-default has-text-color has-contrast-color has-background has-pale-cyan-blue-background-color\"  id=\"modal-3\" \n\t\t\t\tdata-wp-class--has-modal-open=\"state.isMenuOpen\"\n\t\t\t\tdata-wp-class--is-menu-open=\"state.isMenuOpen\"\n\t\t\t\tdata-wp-watch=\"callbacks.initMenu\"\n\t\t\t\tdata-wp-on--keydown=\"actions.handleMenuKeydown\"\n\t\t\t\tdata-wp-on--focusout=\"actions.handleMenuFocusout\"\n\t\t\t\ttabindex=\"-1\"\n\t\t\t>\n\t\t\t\t\t<div class=\"wp-block-navigation__responsive-close\" tabindex=\"-1\">\n\t\t\t\t\t\t<div class=\"wp-block-navigation__responsive-dialog\" \n\t\t\t\tdata-wp-bind--aria-modal=\"state.ariaModal\"\n\t\t\t\tdata-wp-bind--aria-label=\"state.ariaLabel\"\n\t\t\t\tdata-wp-bind--role=\"state.roleAttribute\"\n\t\t\t>\n\t\t\t\t\t\t\t<button aria-label=\"Luk menu\" class=\"wp-block-navigation__responsive-container-close\" \n\t\t\t\tdata-wp-on--click=\"actions.closeMenuOnClick\"\n\t\t\t><svg xmlns=\"http:\/\/www.w3.org\/2000\/svg\" viewBox=\"0 0 24 24\" width=\"24\" height=\"24\" aria-hidden=\"true\" focusable=\"false\"><path d=\"m13.06 12 6.47-6.47-1.06-1.06L12 10.94 5.53 4.47 4.47 5.53 10.94 12l-6.47 6.47 1.06 1.06L12 13.06l6.47 6.47 1.06-1.06L13.06 12Z\"><\/path><\/svg><\/button>\n\t\t\t\t\t\t\t<div class=\"wp-block-navigation__responsive-container-content\" \n\t\t\t\tdata-wp-watch=\"callbacks.focusFirstElement\"\n\t\t\t id=\"modal-3-content\">\n\t\t\t\t\t\t\t\t<ul class=\"wp-block-navigation__container is-responsive items-justified-center is-vertical wp-block-navigation\"><li class=\"wp-block-navigation-item\"><div class=\"is-style-default wp-block-site-logo wp-duotone-ffffff-2500ff-2\"><a href=\"https:\/\/akt7.dk\/\" class=\"custom-logo-link\" rel=\"home\"><img loading=\"lazy\" decoding=\"async\" width=\"147\" height=\"103\" src=\"https:\/\/akt7.dk\/wp-content\/uploads\/2023\/11\/logosort-edited-7.png\" class=\"custom-logo\" alt=\"Akt\" srcset=\"https:\/\/akt7.dk\/wp-content\/uploads\/2023\/11\/logosort-edited-7.png 790w, https:\/\/akt7.dk\/wp-content\/uploads\/2023\/11\/logosort-edited-7-300x212.png 300w, https:\/\/akt7.dk\/wp-content\/uploads\/2023\/11\/logosort-edited-7-768x542.png 768w\" sizes=\"auto, (max-width: 147px) 100vw, 147px\" \/><\/a><\/div><\/li><li style=\"font-style:normal;font-weight:600;line-height:3;text-transform:lowercase;\" class=\" wp-block-navigation-item wp-block-navigation-link has-small-font-size\"><a class=\"wp-block-navigation-item__content\"  href=\"https:\/\/akt7.dk\/?page_id=2\"><span class=\"wp-block-navigation-item__label\">Medlemmer<\/span><\/a><\/li><li style=\"font-style:normal;font-weight:600;line-height:3;text-transform:lowercase;\" class=\" wp-block-navigation-item wp-block-navigation-link has-small-font-size\"><a class=\"wp-block-navigation-item__content\"  href=\"https:\/\/akt7.dk\/?page_id=316\"><span class=\"wp-block-navigation-item__label\"><strong>projekter<\/strong><\/span><\/a><\/li><li style=\"font-style:normal;font-weight:600;line-height:3;text-transform:lowercase;\" class=\" wp-block-navigation-item wp-block-navigation-link has-small-font-size\"><a class=\"wp-block-navigation-item__content\"  href=\"https:\/\/akt7.dk\/?page_id=279\"><span class=\"wp-block-navigation-item__label\">Om akt7<\/span><\/a><\/li><li style=\"font-style:normal;font-weight:600;line-height:3;text-transform:lowercase;\" class=\" wp-block-navigation-item wp-block-navigation-link has-small-font-size\"><a class=\"wp-block-navigation-item__content\"  href=\"https:\/\/akt7.dk\/?page_id=304\"><span class=\"wp-block-navigation-item__label\">Kontakt<\/span><\/a><\/li><\/ul>\n\t\t\t\t\t\t\t<\/div>\n\t\t\t\t\t\t<\/div>\n\t\t\t\t\t<\/div>\n\t\t\t\t<\/div><\/nav><\/div>\n\n\n\n<div class=\"wp-block-group alignfull has-contrast-color has-text-color has-global-padding is-layout-constrained wp-container-core-group-is-layout-c654d641 wp-block-group-is-layout-constrained\" style=\"min-height:40vh;margin-top:var(--wp--preset--spacing--30);margin-bottom:var(--wp--preset--spacing--30);padding-top:var(--wp--preset--spacing--30);padding-right:var(--wp--preset--spacing--30);padding-bottom:var(--wp--preset--spacing--30);padding-left:var(--wp--preset--spacing--30)\">\n<figure class=\"wp-block-pullquote alignwide has-x-large-font-size\" style=\"padding-top:var(--wp--preset--spacing--40);padding-bottom:var(--wp--preset--spacing--40);text-transform:uppercase\"><blockquote><p><strong>projekter<\/strong><\/p><\/blockquote><\/figure>\n\n\n\n<div class=\"wp-block-columns is-layout-flex wp-container-core-columns-is-layout-28f84493 wp-block-columns-is-layout-flex\">\n<div class=\"wp-block-column is-layout-flow wp-block-column-is-layout-flow\">\n<div class=\"wp-block-columns is-layout-flex wp-container-core-columns-is-layout-28f84493 wp-block-columns-is-layout-flex\">\n<div class=\"wp-block-column is-layout-flow wp-block-column-is-layout-flow\">\n<div class=\"wp-block-columns is-layout-flex wp-container-core-columns-is-layout-28f84493 wp-block-columns-is-layout-flex\">\n<div class=\"wp-block-column is-layout-flow wp-block-column-is-layout-flow\">\n<figure class=\"wp-block-image size-large is-resized\"><img loading=\"lazy\" decoding=\"async\" width=\"731\" height=\"1024\" src=\"https:\/\/akt7.dk\/wp-content\/uploads\/2024\/04\/syvlyd-version-2-3-731x1024.jpg\" alt=\"\" class=\"wp-image-332\" style=\"width:317px\" srcset=\"https:\/\/akt7.dk\/wp-content\/uploads\/2024\/04\/syvlyd-version-2-3-731x1024.jpg 731w, https:\/\/akt7.dk\/wp-content\/uploads\/2024\/04\/syvlyd-version-2-3-214x300.jpg 214w, https:\/\/akt7.dk\/wp-content\/uploads\/2024\/04\/syvlyd-version-2-3-768x1075.jpg 768w, https:\/\/akt7.dk\/wp-content\/uploads\/2024\/04\/syvlyd-version-2-3-1097x1536.jpg 1097w, https:\/\/akt7.dk\/wp-content\/uploads\/2024\/04\/syvlyd-version-2-3-1463x2048.jpg 1463w, https:\/\/akt7.dk\/wp-content\/uploads\/2024\/04\/syvlyd-version-2-3-scaled.jpg 1829w\" sizes=\"auto, (max-width: 731px) 100vw, 731px\" \/><figcaption class=\"wp-element-caption\">Syvlyd <em>(2023)<\/em><\/figcaption><\/figure>\n<\/div>\n<\/div>\n<\/div>\n<\/div>\n\n\n\n<figure class=\"wp-block-image size-large\"><img loading=\"lazy\" decoding=\"async\" width=\"697\" height=\"1024\" src=\"https:\/\/akt7.dk\/wp-content\/uploads\/2025\/03\/performance-697x1024.jpg\" alt=\"\" class=\"wp-image-476\" srcset=\"https:\/\/akt7.dk\/wp-content\/uploads\/2025\/03\/performance-697x1024.jpg 697w, https:\/\/akt7.dk\/wp-content\/uploads\/2025\/03\/performance-204x300.jpg 204w, https:\/\/akt7.dk\/wp-content\/uploads\/2025\/03\/performance-768x1129.jpg 768w, https:\/\/akt7.dk\/wp-content\/uploads\/2025\/03\/performance-1045x1536.jpg 1045w, https:\/\/akt7.dk\/wp-content\/uploads\/2025\/03\/performance.jpg 1393w\" sizes=\"auto, (max-width: 697px) 100vw, 697px\" \/><\/figure>\n\n\n\n<p>PERFORMANCE (<em>2025<\/em>)<\/p>\n<\/div>\n\n\n\n<div class=\"wp-block-column is-layout-flow wp-block-column-is-layout-flow\">\n<figure class=\"wp-block-gallery has-nested-images columns-default is-cropped wp-block-gallery-4 is-layout-flex wp-block-gallery-is-layout-flex\"><\/figure>\n\n\n\n<div class=\"wp-block-columns is-layout-flex wp-container-core-columns-is-layout-28f84493 wp-block-columns-is-layout-flex\">\n<div class=\"wp-block-column is-layout-flow wp-block-column-is-layout-flow\">\n<figure class=\"wp-block-image size-large is-resized\"><img loading=\"lazy\" decoding=\"async\" width=\"724\" height=\"1024\" src=\"https:\/\/akt7.dk\/wp-content\/uploads\/2024\/04\/Plakat-web-fb-final-3-724x1024.jpg\" alt=\"\" class=\"wp-image-331\" style=\"width:313px;height:auto\" srcset=\"https:\/\/akt7.dk\/wp-content\/uploads\/2024\/04\/Plakat-web-fb-final-3-724x1024.jpg 724w, https:\/\/akt7.dk\/wp-content\/uploads\/2024\/04\/Plakat-web-fb-final-3-212x300.jpg 212w, https:\/\/akt7.dk\/wp-content\/uploads\/2024\/04\/Plakat-web-fb-final-3-768x1086.jpg 768w, https:\/\/akt7.dk\/wp-content\/uploads\/2024\/04\/Plakat-web-fb-final-3-1086x1536.jpg 1086w, https:\/\/akt7.dk\/wp-content\/uploads\/2024\/04\/Plakat-web-fb-final-3-1448x2048.jpg 1448w, https:\/\/akt7.dk\/wp-content\/uploads\/2024\/04\/Plakat-web-fb-final-3.jpg 1684w\" sizes=\"auto, (max-width: 724px) 100vw, 724px\" \/><figcaption class=\"wp-element-caption\">Karambolage <em>(2024)<\/em><\/figcaption><\/figure>\n<\/div>\n<\/div>\n<\/div>\n<\/div>\n<\/div>\n\n\n\n<details class=\"wp-block-details is-layout-flow wp-block-details-is-layout-flow\" style=\"padding-right:0;padding-left:0;text-transform:capitalize\"><summary>karambolage<\/summary>\n<p style=\"font-style:normal;font-weight:700;text-transform:lowercase\">Karambolage er en r\u00f8rende og humoristisk fort\u00e6lling om k\u00e6rligheden i et parforhold, n\u00e5r den er sv\u00e6rest.<\/p>\n\n\n\n<p style=\"margin-right:0;margin-left:0;text-transform:lowercase\">Blandt forstyrrende poolspillere og en t\u00e6t cigaretr\u00f8g m\u00f8des Karl og Svea p\u00e5 en bar, og gennem en r\u00e6kke minder om deres forliste forhold pr\u00f8ver de at afd\u00e6kke sandheden om, hvad der egentlig gik galt. Selvom de begge har brug for hinanden, m\u00e5 de overgive sig til tanken om, at netop det, de forelskede sig i ved hinanden, ogs\u00e5 er det, der er roden til deres konflikter.<\/p>\n\n\n\n<p><\/p>\n\n\n\n<p><strong>Instrukt\u00f8r:<\/strong> Helene Madsen Smed<\/p>\n\n\n\n<p><strong>Producer: <\/strong>Ane-Kathrine Lamdahl Pedersen<\/p>\n\n\n\n<p><strong>Manuskriptforfatter: <\/strong>Rebecca Madrona-Carlsen&nbsp;<\/p>\n\n\n\n<p><strong>DOP:<\/strong> Mikkel Damtoft Jensen<\/p>\n\n\n\n<p><strong>B-foto:<\/strong> Alma Smailagic Hasic &amp; Fabian B\u00f8rglum<\/p>\n\n\n\n<p><strong>Tonemester:<\/strong> Alexandros Chrysanthopoulos&nbsp;&nbsp;<\/p>\n\n\n\n<p><strong>Klipper:<\/strong> Sara Helene Block Henriksen&nbsp;<\/p>\n\n\n\n<p><strong>Komponist og mixer:<\/strong> Alexandros Chrysanthopoulos&nbsp;<\/p>\n\n\n\n<p><strong>Lysmester:<\/strong> Lasse Lundgaard Olsen&nbsp;<\/p>\n\n\n\n<p><strong>Lysassistent<\/strong>: Lukas Falk-Jensen &amp; Simon Lindskrone<\/p>\n\n\n\n<p><strong>Indspilningsleder:<\/strong> Stevan Salkic<\/p>\n\n\n\n<p><strong>Scripter: <\/strong>Alpha Nord&nbsp;<\/p>\n\n\n\n<p><strong>Runner: <\/strong>Rogvi Reinert Hermansen<\/p>\n\n\n\n<p><strong>2nd AD:<\/strong> Neil Staveley<\/p>\n\n\n\n<p><strong>Supervisor:<\/strong> Ren\u00e9 Georg Johansen<\/p>\n\n\n\n<p><strong>Manuskriptkonsulent: <\/strong>Bastian Laigaard&nbsp;&nbsp;<\/p>\n\n\n\n<p><strong>Karl: <\/strong>Rasmus Skaarup<\/p>\n\n\n\n<p><strong>Svea: <\/strong>Theresa Nabifwo Mangara<\/p>\n\n\n\n<p><strong>Flora: <\/strong>Nanna Josefine Torp<\/p>\n<\/details>\n\n\n\n<div class=\"wp-block-columns is-layout-flex wp-container-core-columns-is-layout-28f84493 wp-block-columns-is-layout-flex\">\n<div class=\"wp-block-column is-layout-flow wp-block-column-is-layout-flow\">\n<div class=\"wp-block-columns are-vertically-aligned-center is-layout-flex wp-container-core-columns-is-layout-28f84493 wp-block-columns-is-layout-flex\">\n<div class=\"wp-block-column is-layout-flow wp-block-column-is-layout-flow\">\n<details class=\"wp-block-details has-medium-font-size is-layout-flow wp-block-details-is-layout-flow\"><summary>Syvlyd<\/summary>\n<p style=\"text-transform:lowercase\"><strong>syvlyd er en f\u00f8lelsesladet fort\u00e6lling om venskab, karriere og identitet, som udfordrer vores opfattelse af, hvad det vil sige at v\u00e6re en del af en gruppe og l\u00e6rer os, at nogle gange er det n\u00f8dvendigt at give slip for at vokse.<\/strong><\/p>\n\n\n\n<p style=\"text-transform:lowercase\">i flere \u00e5r har et kvindekor k\u00e6mpet sig til en position, hvor de endelig er etablerede i musikmilj\u00f8et. det er indtil gruppens sangskriver anya smider en bombe. ramt af en pludselig forst\u00e5else af, at korets eksistens er p\u00e5 l\u00e5nt tid, m\u00e5 de ellers velreflekterede og emotionelt intelligente kvinder k\u00e6mpe med deres f\u00f8lelser, og tage en konflikt de ellers ikke \u00f8nskede at bringe frem i lyset.<\/p>\n\n\n\n<p><strong>INSTRUKT\u00d8R:<\/strong>&nbsp;ASTRID LANDE AGDRUP<\/p>\n\n\n\n<p><strong>PRODUCER:&nbsp;<\/strong>ANE-KATHRINE LAMDAHL PEDERSEN<\/p>\n\n\n\n<p><strong>MANUSKRIPTFORFATTER:&nbsp;<\/strong>REBECCA MADRONA-CARLSEN&nbsp;<\/p>\n\n\n\n<p><strong>B-MANUS:<\/strong>&nbsp;OLIVIA REICH KL\u00d8VEDAL<\/p>\n\n\n\n<p><strong>DOP:<\/strong>&nbsp;ALMA SMAILAGIC HASIC<\/p>\n\n\n\n<p><strong>B-FOTO:<\/strong>&nbsp;VIILBJ\u00d8RK MALLING AGGER<\/p>\n\n\n\n<p><strong>TONEMESTER:<\/strong>&nbsp;SARA HELE BLOCK HENRIKSEN<\/p>\n\n\n\n<p><strong>TONEMESTER:&nbsp;<\/strong>LOUISE WRISBERG K\u00c6STEL<\/p>\n\n\n\n<p><strong>KLIPPER:<\/strong>&nbsp;SARA HELENE BLOCK HENRIKSEN&nbsp;<\/p>\n\n\n\n<p><strong>KLIPPER ASSISTENT:<\/strong>&nbsp;OLIVIA REICH KL\u00d8VEDAL<\/p>\n\n\n\n<p><strong>LYSMESTER:<\/strong>&nbsp;MIKKEL DAMTOFT JENSEN<\/p>\n\n\n\n<p><strong>LYSMESTER:<\/strong>&nbsp;LASSE LUNDGAARD OLSEN&nbsp;<\/p>\n\n\n\n<p><strong>PRODUCTION DESIGN:<\/strong>&nbsp;L\u00c6RKE BERG-PEDERSEN<\/p>\n\n\n\n<p><strong>INDSPILNINGSLEDER:<\/strong>&nbsp;JULIE KRISTINE HANSEN<\/p>\n\n\n\n<p><strong>SCRIPTER:&nbsp;<\/strong>REBECCA MADRONA-CARLSEN&nbsp;<\/p>\n\n\n\n<p><strong>PRODUKTIONSLEDER:&nbsp;<\/strong>ANE-KATHRINE LAMDAHL PEDERSEN<\/p>\n\n\n\n<p><strong>ANYA:&nbsp;<\/strong>SILJE FINSRUD<\/p>\n\n\n\n<p><strong>JOSEFINE:&nbsp;<\/strong>JOHANNE MUNCH<\/p>\n\n\n\n<p><strong>ANE:&nbsp;<\/strong>KATRINE BO LYKKEBERG<\/p>\n\n\n\n<p><strong>PETRA:<\/strong>&nbsp;HELENE MADSEN SMED<\/p>\n\n\n\n<p><strong>SELMA:<\/strong>&nbsp;ESTHER MARCUSSEN&nbsp;<\/p>\n\n\n\n<p><strong>CHRIS:<\/strong>&nbsp;VIKTORIA FISCHER GODSKE&nbsp;<\/p>\n\n\n\n<p><strong>AMALIE:&nbsp;<\/strong>LINNEA OLIVIA BELFRAGE&nbsp;<\/p>\n\n\n\n<p><strong>MANAGER:<\/strong>&nbsp;FLORENCE NOER<\/p>\n<\/details>\n<\/div>\n<\/div>\n<\/div>\n<\/div>\n\n\n\n<div class=\"wp-block-columns is-layout-flex wp-container-core-columns-is-layout-28f84493 wp-block-columns-is-layout-flex\">\n<div class=\"wp-block-column is-layout-flow wp-block-column-is-layout-flow\">\n<div class=\"wp-block-columns are-vertically-aligned-center is-layout-flex wp-container-core-columns-is-layout-28f84493 wp-block-columns-is-layout-flex\">\n<div class=\"wp-block-column is-layout-flow wp-block-column-is-layout-flow\">\n<details class=\"wp-block-details has-medium-font-size is-layout-flow wp-block-details-is-layout-flow\"><summary>Performance<\/summary>\n<p style=\"text-transform:lowercase\">Performance handler om Ella, en ung ensom kvinde, der udtrykker sig gennem danseforestillinger i sin lejlighed. Ellas dr\u00f8m er at komme til at st\u00e5 p\u00e5 en scene, og danse for alle de mennesker, hun ikke t\u00f8r snakke med p\u00e5 gaden. Bev\u00e6bnet med kun dansen og sin passion begiver hun sig ud p\u00e5 en excentrisk h\u00e6vnaktion mod sit idol, Eske Jacobsen, hvor hun m\u00e5 danse sig til en karakter hun aldrig f\u00f8r har turde kropsligg\u00f8re.<\/p>\n\n\n\n<p><strong>INSTRUKT\u00d8R:<\/strong>\u00a0olivia kl\u00f8vedal reich<\/p>\n\n\n\n<p><strong>PRODUCER:\u00a0<\/strong>ANE-KATHRINE LAMDAHL PEDERSEN, nanna torp<\/p>\n\n\n\n<p><strong>MANUSKRIPTFORFATTER:\u00a0<\/strong>olivia kl\u00f8vedal reich\u00a0<\/p>\n\n\n\n<p><strong>B-MANUS:<\/strong>\u00a0rebecca madrona-carlsen<\/p>\n\n\n\n<p><strong>DOP:<\/strong>\u00a0lasse olsen<\/p>\n\n\n\n<p><strong>B-FOTO:<\/strong>\u00a0mikkel damtoft jensen, simon lindskrone<\/p>\n\n\n\n<p><strong>TONEMESTER:<\/strong>\u00a0adam bendix, simon hjort<\/p>\n\n\n\n<p><strong>KLIPPER:<\/strong>&nbsp;SARA HELENE BLOCK HENRIKSEN&nbsp;<\/p>\n\n\n\n<p><strong>LYSMESTER:<\/strong>\u00a0Lukas Falk-Jensen, Johannes M\u00f8rk, Simon Lindskrone<\/p>\n\n\n\n<p><strong>PRODUCTION DESIGN:<\/strong> Frida Mathilde Ahrensberg<\/p>\n\n\n\n<p><strong>INDSPILNINGSLEDER:<\/strong>\u00a0Rasmus Hougaard, Anne My Thaysen<\/p>\n\n\n\n<p><strong>PRODUKTIONSLEDER:\u00a0<\/strong>nanna torp<\/p>\n\n\n\n<p><strong>produktionsassistenter: <\/strong>Frida Hald, Lise Nielsen, Liv Blume<\/p>\n\n\n\n<p><strong>ella:\u00a0<\/strong>ane carlsen<\/p>\n\n\n\n<p><strong>eske:\u00a0<\/strong>adam tocuyo<\/p>\n\n\n\n<p><strong>nora:\u00a0<\/strong>Ada Josefine Moe<\/p>\n\n\n\n<p><strong>Anna:<\/strong>\u00a0ellen hovmand<\/p>\n\n\n\n<p><strong>med: <\/strong>sabrine pedersen &amp; Wilma Elbek<\/p>\n<\/details>\n<\/div>\n<\/div>\n<\/div>\n<\/div>\n\n\n\n<div class=\"wp-block-group alignfull has-contrast-color has-text-color is-vertical is-content-justification-center is-layout-flex wp-container-core-group-is-layout-f306f087 wp-block-group-is-layout-flex\" style=\"min-height:40vh;margin-top:0;margin-bottom:0;padding-top:var(--wp--preset--spacing--60);padding-right:var(--wp--preset--spacing--50);padding-bottom:var(--wp--preset--spacing--60);padding-left:var(--wp--preset--spacing--50)\"><div style=\"margin-bottom:6px;\" class=\"is-default-size aligncenter wp-block-site-logo wp-duotone-blue-orange\"><a href=\"https:\/\/akt7.dk\/\" class=\"custom-logo-link\" rel=\"home\"><img loading=\"lazy\" decoding=\"async\" width=\"790\" height=\"558\" src=\"https:\/\/akt7.dk\/wp-content\/uploads\/2023\/11\/logosort-edited-7.png\" class=\"custom-logo\" alt=\"Akt\" srcset=\"https:\/\/akt7.dk\/wp-content\/uploads\/2023\/11\/logosort-edited-7.png 790w, https:\/\/akt7.dk\/wp-content\/uploads\/2023\/11\/logosort-edited-7-300x212.png 300w, https:\/\/akt7.dk\/wp-content\/uploads\/2023\/11\/logosort-edited-7-768x542.png 768w\" sizes=\"auto, (max-width: 790px) 100vw, 790px\" \/><\/a><\/div><\/div>\n","protected":false},"excerpt":{"rendered":"<p>projekter PERFORMANCE (2025)<\/p>\n","protected":false},"author":1,"featured_media":0,"parent":0,"menu_order":0,"comment_status":"closed","ping_status":"closed","template":"blank","meta":{"footnotes":""},"class_list":["post-316","page","type-page","status-publish","hentry"],"_links":{"self":[{"href":"https:\/\/akt7.dk\/index.php?rest_route=\/wp\/v2\/pages\/316","targetHints":{"allow":["GET"]}}],"collection":[{"href":"https:\/\/akt7.dk\/index.php?rest_route=\/wp\/v2\/pages"}],"about":[{"href":"https:\/\/akt7.dk\/index.php?rest_route=\/wp\/v2\/types\/page"}],"author":[{"embeddable":true,"href":"https:\/\/akt7.dk\/index.php?rest_route=\/wp\/v2\/users\/1"}],"replies":[{"embeddable":true,"href":"https:\/\/akt7.dk\/index.php?rest_route=%2Fwp%2Fv2%2Fcomments&post=316"}],"version-history":[{"count":53,"href":"https:\/\/akt7.dk\/index.php?rest_route=\/wp\/v2\/pages\/316\/revisions"}],"predecessor-version":[{"id":480,"href":"https:\/\/akt7.dk\/index.php?rest_route=\/wp\/v2\/pages\/316\/revisions\/480"}],"wp:attachment":[{"href":"https:\/\/akt7.dk\/index.php?rest_route=%2Fwp%2Fv2%2Fmedia&parent=316"}],"curies":[{"name":"wp","href":"https:\/\/api.w.org\/{rel}","templated":true}]}}